  {"id":337,"date":"2023-12-21T19:42:42","date_gmt":"2023-12-21T19:42:42","guid":{"rendered":"https:\/\/www.worcester.edu\/espanol\/?page_id=337"},"modified":"2023-12-28T17:16:06","modified_gmt":"2023-12-28T17:16:06","slug":"estudiantes-indocumentados","status":"publish","type":"page","link":"https:\/\/www.worcester.edu\/espanol\/admisiones\/estudiantes-indocumentados\/","title":{"rendered":"Estudiantes indocumentados"},"content":{"rendered":"<p>El 15 de junio de 2012, el Secretario de Seguridad Nacional anunci\u00f3 que ciertas personas que llegaron a Estados Unidos siendo ni\u00f1os, y que cumpl\u00edan varias directrices, pod\u00edan solicitar la consideraci\u00f3n de acci\u00f3n diferida por un per\u00edodo de dos a\u00f1os, sujeto a renovaci\u00f3n. Este programa pas\u00f3 a conocerse como Acci\u00f3n Diferida para los Llegados en la Infancia (DACA, por sus siglas en ingl\u00e9s), y permiti\u00f3 a quienes reun\u00edan los requisitos de DACA poder optar a una autorizaci\u00f3n de trabajo.<\/p>\n<p>La acci\u00f3n diferida se usa a discreci\u00f3n del fiscal para aplazar la expulsi\u00f3n de un individuo durante un cierto per\u00edodo de tiempo. La acci\u00f3n diferida no proporciona un estatus legal.<\/p>\n<p>El 5 de septiembre de 2017, el Departamento de Seguridad Nacional (Department of Homeland Security) inici\u00f3 la eliminaci\u00f3n gradual ordenada del programa DACA. El Departamento de Seguridad Nacional proporcion\u00f3 una ventana limitada de seis meses durante la cual considerar\u00e1 ciertas peticiones de DACA y solicitudes de autorizaci\u00f3n para trabajar, bajo par\u00e1metros espec\u00edficos.<\/p>\n<p>El Departamento de Seguridad Nacional s\u00f3lo adjudic\u00f3 solicitudes de renovaci\u00f3n de DACA a los receptores cuyos beneficios expiraran entre el 5 de septiembre de 2017 y el 5 de marzo de 2018. Si su EAD caduc\u00f3 entre esas fechas, su solicitud de renovaci\u00f3n debi\u00f3 haberse recibido antes del 5 de octubre de 2017 para poder ser adjudicada.<\/p>\n<p>El Departamento de Seguridad Nacional ya no acepta solicitudes nuevas de DACA (para personas que nunca se han beneficiado del programa antes). Si usted present\u00f3 una solicitud inicial para un EAD el 5 de septiembre de 2017 o antes de esa fecha, la agencia debe adjudicar la solicitud si \u00e9sta se tramit\u00f3 correctamente.<\/p>\n<p>Las solicitudes de libertad condicional anticipada (documento de viaje) asociadas con DACA ya no se aprueban, con independencia de cu\u00e1ndo se present\u00f3 el Formulario I-131.<\/p>\n","protected":false},"excerpt":{"rendered":"<p>El 15 de junio de 2012, el Secretario de Seguridad Nacional anunci\u00f3 que ciertas personas que llegaron a Estados Unidos siendo ni\u00f1os, y que cumpl\u00edan varias directrices, pod\u00edan solicitar la consideraci\u00f3n de acci\u00f3n diferida por un per\u00edodo de dos a\u00f1os, sujeto a renovaci\u00f3n. Este programa pas\u00f3 a conocerse como Acci\u00f3n Diferida para los Llegados en [&hellip;]<\/p>\n","protected":false},"author":2,"featured_media":0,"parent":26,"menu_order":0,"comment_status":"closed","ping_status":"closed","template":"templates\/SidebarWidth.php","meta":{"_acf_changed":false,"ngg_post_thumbnail":0,"footnotes":"","_links_to":"","_links_to_target":""},"class_list":["post-337","page","type-page","status-publish","hentry"],"acf":[],"yoast_head":"<!-- This site is optimized with the Yoast SEO plugin v27.3 - https:\/\/yoast.com\/product\/yoast-seo-wordpress\/ -->\n<title>Estudiantes indocumentados | Espa\u00f1ol - Ó£ÌÒÊÓÆµ<\/title>\n<meta name=\"robots\" content=\"index, follow, max-snippet:-1, max-image-preview:large, max-video-preview:-1\" \/>\n<link rel=\"canonical\" href=\"https:\/\/www.worcester.edu\/espanol\/admisiones\/estudiantes-indocumentados\/\" \/>\n<meta property=\"og:locale\" content=\"en_US\" \/>\n<meta property=\"og:type\" content=\"article\" \/>\n<meta property=\"og:title\" content=\"Estudiantes indocumentados | Espa\u00f1ol - Ó£ÌÒÊÓÆµ\" \/>\n<meta property=\"og:description\" content=\"El 15 de junio de 2012, el Secretario de Seguridad Nacional anunci\u00f3 que ciertas personas que llegaron a Estados Unidos siendo ni\u00f1os, y que cumpl\u00edan varias directrices, pod\u00edan solicitar la consideraci\u00f3n de acci\u00f3n diferida por un per\u00edodo de dos a\u00f1os, sujeto a renovaci\u00f3n. Este programa pas\u00f3 a conocerse como Acci\u00f3n Diferida para los Llegados en [&hellip;]\" \/>\n<meta property=\"og:url\" content=\"https:\/\/www.worcester.edu\/espanol\/admisiones\/estudiantes-indocumentados\/\" \/>\n<meta property=\"og:site_name\" content=\"Espa\u00f1ol - Ó£ÌÒÊÓÆµ\" \/>\n<meta property=\"article:publisher\" content=\"https:\/\/www.facebook.com\/WorcesterStateUniversity\/\" \/>\n<meta property=\"article:modified_time\" content=\"2023-12-28T17:16:06+00:00\" \/>\n<meta name=\"twitter:card\" content=\"summary_large_image\" \/>\n<meta name=\"twitter:site\" content=\"@WorcesterState\" \/>\n<meta name=\"twitter:label1\" content=\"Est. reading time\" \/>\n\t<meta name=\"twitter:data1\" content=\"2 minutes\" \/>\n<script type=\"application\/ld+json\" class=\"yoast-schema-graph\">{\"@context\":\"https:\\\/\\\/schema.org\",\"@graph\":[{\"@type\":\"WebPage\",\"@id\":\"https:\\\/\\\/www.worcester.edu\\\/espanol\\\/admisiones\\\/estudiantes-indocumentados\\\/\",\"url\":\"https:\\\/\\\/www.worcester.edu\\\/espanol\\\/admisiones\\\/estudiantes-indocumentados\\\/\",\"name\":\"Estudiantes indocumentados | Espa\u00f1ol - Ó£ÌÒÊÓÆµ\",\"isPartOf\":{\"@id\":\"https:\\\/\\\/www.worcester.edu\\\/espanol\\\/#website\"},\"datePublished\":\"2023-12-21T19:42:42+00:00\",\"dateModified\":\"2023-12-28T17:16:06+00:00\",\"breadcrumb\":{\"@id\":\"https:\\\/\\\/www.worcester.edu\\\/espanol\\\/admisiones\\\/estudiantes-indocumentados\\\/#breadcrumb\"},\"inLanguage\":\"en-US\",\"potentialAction\":[{\"@type\":\"ReadAction\",\"target\":[\"https:\\\/\\\/www.worcester.edu\\\/espanol\\\/admisiones\\\/estudiantes-indocumentados\\\/\"]}]},{\"@type\":\"BreadcrumbList\",\"@id\":\"https:\\\/\\\/www.worcester.edu\\\/espanol\\\/admisiones\\\/estudiantes-indocumentados\\\/#breadcrumb\",\"itemListElement\":[{\"@type\":\"ListItem\",\"position\":1,\"name\":\"Home\",\"item\":\"https:\\\/\\\/www.worcester.edu\\\/espanol\\\/\"},{\"@type\":\"ListItem\",\"position\":2,\"name\":\"Admisiones\",\"item\":\"https:\\\/\\\/www.worcester.edu\\\/espanol\\\/admisiones\\\/\"},{\"@type\":\"ListItem\",\"position\":3,\"name\":\"Estudiantes indocumentados\"}]},{\"@type\":\"WebSite\",\"@id\":\"https:\\\/\\\/www.worcester.edu\\\/espanol\\\/#website\",\"url\":\"https:\\\/\\\/www.worcester.edu\\\/espanol\\\/\",\"name\":\"En Espa\u00f1ol - Ó£ÌÒÊÓÆµ\",\"description\":\"\",\"publisher\":{\"@id\":\"https:\\\/\\\/www.worcester.edu\\\/espanol\\\/#organization\"},\"potentialAction\":[{\"@type\":\"SearchAction\",\"target\":{\"@type\":\"EntryPoint\",\"urlTemplate\":\"https:\\\/\\\/www.worcester.edu\\\/espanol\\\/?s={search_term_string}\"},\"query-input\":{\"@type\":\"PropertyValueSpecification\",\"valueRequired\":true,\"valueName\":\"search_term_string\"}}],\"inLanguage\":\"en-US\"},{\"@type\":\"Organization\",\"@id\":\"https:\\\/\\\/www.worcester.edu\\\/espanol\\\/#organization\",\"name\":\"Ó£ÌÒÊÓÆµ\",\"url\":\"https:\\\/\\\/www.worcester.edu\\\/espanol\\\/\",\"logo\":{\"@type\":\"ImageObject\",\"inLanguage\":\"en-US\",\"@id\":\"https:\\\/\\\/www.worcester.edu\\\/espanol\\\/#\\\/schema\\\/logo\\\/image\\\/\",\"url\":\"\",\"contentUrl\":\"\",\"caption\":\"Ó£ÌÒÊÓÆµ\"},\"image\":{\"@id\":\"https:\\\/\\\/www.worcester.edu\\\/espanol\\\/#\\\/schema\\\/logo\\\/image\\\/\"},\"sameAs\":[\"https:\\\/\\\/www.facebook.com\\\/WorcesterStateUniversity\\\/\",\"https:\\\/\\\/x.com\\\/WorcesterState\",\"https:\\\/\\\/www.instagram.com\\\/worcesterstate\\\/\"]}]}<\/script>\n<!-- \/ Yoast SEO plugin. -->","yoast_head_json":{"title":"Estudiantes indocumentados | Espa\u00f1ol - Ó£ÌÒÊÓÆµ","robots":{"index":"index","follow":"follow","max-snippet":"max-snippet:-1","max-image-preview":"max-image-preview:large","max-video-preview":"max-video-preview:-1"},"canonical":"https:\/\/www.worcester.edu\/espanol\/admisiones\/estudiantes-indocumentados\/","og_locale":"en_US","og_type":"article","og_title":"Estudiantes indocumentados | Espa\u00f1ol - Ó£ÌÒÊÓÆµ","og_description":"El 15 de junio de 2012, el Secretario de Seguridad Nacional anunci\u00f3 que ciertas personas que llegaron a Estados Unidos siendo ni\u00f1os, y que cumpl\u00edan varias directrices, pod\u00edan solicitar la consideraci\u00f3n de acci\u00f3n diferida por un per\u00edodo de dos a\u00f1os, sujeto a renovaci\u00f3n. Este programa pas\u00f3 a conocerse como Acci\u00f3n Diferida para los Llegados en [&hellip;]","og_url":"https:\/\/www.worcester.edu\/espanol\/admisiones\/estudiantes-indocumentados\/","og_site_name":"Espa\u00f1ol - Ó£ÌÒÊÓÆµ","article_publisher":"https:\/\/www.facebook.com\/WorcesterStateUniversity\/","article_modified_time":"2023-12-28T17:16:06+00:00","twitter_card":"summary_large_image","twitter_site":"@WorcesterState","twitter_misc":{"Est. reading time":"2 minutes"},"schema":{"@context":"https:\/\/schema.org","@graph":[{"@type":"WebPage","@id":"https:\/\/www.worcester.edu\/espanol\/admisiones\/estudiantes-indocumentados\/","url":"https:\/\/www.worcester.edu\/espanol\/admisiones\/estudiantes-indocumentados\/","name":"Estudiantes indocumentados | Espa\u00f1ol - Ó£ÌÒÊÓÆµ","isPartOf":{"@id":"https:\/\/www.worcester.edu\/espanol\/#website"},"datePublished":"2023-12-21T19:42:42+00:00","dateModified":"2023-12-28T17:16:06+00:00","breadcrumb":{"@id":"https:\/\/www.worcester.edu\/espanol\/admisiones\/estudiantes-indocumentados\/#breadcrumb"},"inLanguage":"en-US","potentialAction":[{"@type":"ReadAction","target":["https:\/\/www.worcester.edu\/espanol\/admisiones\/estudiantes-indocumentados\/"]}]},{"@type":"BreadcrumbList","@id":"https:\/\/www.worcester.edu\/espanol\/admisiones\/estudiantes-indocumentados\/#breadcrumb","itemListElement":[{"@type":"ListItem","position":1,"name":"Home","item":"https:\/\/www.worcester.edu\/espanol\/"},{"@type":"ListItem","position":2,"name":"Admisiones","item":"https:\/\/www.worcester.edu\/espanol\/admisiones\/"},{"@type":"ListItem","position":3,"name":"Estudiantes indocumentados"}]},{"@type":"WebSite","@id":"https:\/\/www.worcester.edu\/espanol\/#website","url":"https:\/\/www.worcester.edu\/espanol\/","name":"En Espa\u00f1ol - Ó£ÌÒÊÓÆµ","description":"","publisher":{"@id":"https:\/\/www.worcester.edu\/espanol\/#organization"},"potentialAction":[{"@type":"SearchAction","target":{"@type":"EntryPoint","urlTemplate":"https:\/\/www.worcester.edu\/espanol\/?s={search_term_string}"},"query-input":{"@type":"PropertyValueSpecification","valueRequired":true,"valueName":"search_term_string"}}],"inLanguage":"en-US"},{"@type":"Organization","@id":"https:\/\/www.worcester.edu\/espanol\/#organization","name":"Ó£ÌÒÊÓÆµ","url":"https:\/\/www.worcester.edu\/espanol\/","logo":{"@type":"ImageObject","inLanguage":"en-US","@id":"https:\/\/www.worcester.edu\/espanol\/#\/schema\/logo\/image\/","url":"","contentUrl":"","caption":"Ó£ÌÒÊÓÆµ"},"image":{"@id":"https:\/\/www.worcester.edu\/espanol\/#\/schema\/logo\/image\/"},"sameAs":["https:\/\/www.facebook.com\/WorcesterStateUniversity\/","https:\/\/x.com\/WorcesterState","https:\/\/www.instagram.com\/worcesterstate\/"]}]}},"_links":{"self":[{"href":"https:\/\/www.worcester.edu\/espanol\/wp-json\/wp\/v2\/pages\/337","targetHints":{"allow":["GET"]}}],"collection":[{"href":"https:\/\/www.worcester.edu\/espanol\/wp-json\/wp\/v2\/pages"}],"about":[{"href":"https:\/\/www.worcester.edu\/espanol\/wp-json\/wp\/v2\/types\/page"}],"author":[{"embeddable":true,"href":"https:\/\/www.worcester.edu\/espanol\/wp-json\/wp\/v2\/users\/2"}],"replies":[{"embeddable":true,"href":"https:\/\/www.worcester.edu\/espanol\/wp-json\/wp\/v2\/comments?post=337"}],"version-history":[{"count":4,"href":"https:\/\/www.worcester.edu\/espanol\/wp-json\/wp\/v2\/pages\/337\/revisions"}],"predecessor-version":[{"id":358,"href":"https:\/\/www.worcester.edu\/espanol\/wp-json\/wp\/v2\/pages\/337\/revisions\/358"}],"up":[{"embeddable":true,"href":"https:\/\/www.worcester.edu\/espanol\/wp-json\/wp\/v2\/pages\/26"}],"wp:attachment":[{"href":"https:\/\/www.worcester.edu\/espanol\/wp-json\/wp\/v2\/media?parent=337"}],"curies":[{"name":"wp","href":"https:\/\/api.w.org\/{rel}","templated":true}]}}